{"id":74,"date":"2021-06-17T20:39:00","date_gmt":"2021-06-17T20:39:00","guid":{"rendered":"https:\/\/stage-projectrainbow.cookcountyil.gov\/?page_id=74"},"modified":"2021-08-03T17:55:11","modified_gmt":"2021-08-03T17:55:11","slug":"translation-test","status":"publish","type":"page","link":"https:\/\/stage-projectrainbow.cookcountyil.gov\/es\/translation-test\/","title":{"rendered":"Prueba de traducci\u00f3n"},"content":{"rendered":"<div id=\"fws_69e5df7229275\"  data-column-margin=\"default\" data-midnight=\"dark\"  class=\"wpb_row vc_row-fluid vc_row\"  style=\"padding-top: 0px; padding-bottom: 0px; \"><div class=\"row-bg-wrap\" data-bg-animation=\"none\" data-bg-overlay=\"false\"><div class=\"inner-wrap\"><div class=\"row-bg viewport-desktop\"  style=\"\"><\/div><\/div><\/div><div class=\"row_col_wrap_12 col span_12 dark left\">\n\t<div  class=\"vc_col-sm-12 wpb_column column_container vc_column_container col no-extra-padding inherit_tablet inherit_phone\"  data-padding-pos=\"all\" data-has-bg-color=\"false\" data-bg-color=\"\" data-bg-opacity=\"1\" data-animation=\"\" data-delay=\"0\" >\n\t\t<div class=\"vc_column-inner\" >\n\t\t\t<div class=\"wpb_wrapper\">\n\t\t\t\t<div id=\"fws_69e5df722965a\" data-midnight=\"\" data-column-margin=\"default\" class=\"wpb_row vc_row-fluid vc_row inner_row\"  style=\"\"><div class=\"row-bg-wrap\"> <div class=\"row-bg\" ><\/div> <\/div><div class=\"row_col_wrap_12_inner col span_12  left\">\n\t<div  class=\"vc_col-sm-2 wpb_column column_container vc_column_container col child_column no-extra-padding inherit_tablet inherit_phone\"   data-padding-pos=\"all\" data-has-bg-color=\"false\" data-bg-color=\"\" data-bg-opacity=\"1\" data-animation=\"\" data-delay=\"0\" >\n\t\t<div class=\"vc_column-inner\" >\n\t\t<div class=\"wpb_wrapper\">\n\t\t\t\n\t\t<\/div> \n\t<\/div>\n\t<\/div> \n\n\t<div  class=\"vc_col-sm-8 wpb_column column_container vc_column_container col child_column no-extra-padding inherit_tablet inherit_phone\"   data-padding-pos=\"all\" data-has-bg-color=\"false\" data-bg-color=\"\" data-bg-opacity=\"1\" data-animation=\"\" data-delay=\"0\" >\n\t\t<div class=\"vc_column-inner\" >\n\t\t<div class=\"wpb_wrapper\">\n\t\t\t\r\n<div class=\"wpb_text_column wpb_content_element\" >\r\n\t<div class=\"wpb_wrapper\">\r\n\t\t<p>\u00bfNo es fant\u00e1stico? Puedes empujar un \u00e1rbol grande fuera de tu maleza de esa manera. Tienes que tomar estas grandes decisiones. No seas t\u00edmido, escr\u00edbeme. Esto es probablemente lo mejor que me ha pasado en la vida.<\/p>\n<p>Iniciativa del Cook County. Si haces demasiado, perder\u00e1 su eficacia. No tenemos que estar comprometidos. Solo estamos jugando aqu\u00ed. Solo piensa en estas cosas en tu mente y col\u00f3calas en el lienzo. Cada cosa en el mundo tiene su propia personalidad, y depende de usted hacerse amigo de los peque\u00f1os sinverg\u00fcenzas. Peque\u00f1os \u00e1rboles y arbustos crecen sin embargo los hace felices. Absolutamente sin presi\u00f3n. Eres solo un susurro flotando a trav\u00e9s de una monta\u00f1a.<\/p>\n<p>Deje que su imaginaci\u00f3n sea su gu\u00eda. Peque\u00f1as y bonitas nubes mullidas tiradas en el cielo siendo perezosas. Esponja un poco e hipnot\u00edzalo. Esto no est\u00e1 planeado, simplemente sucede.<\/p>\n\t<\/div>\r\n<\/div>\r\n\r\n\r\n\r\n\n\t\t<\/div> \n\t<\/div>\n\t<\/div> \n\n\t<div  class=\"vc_col-sm-2 wpb_column column_container vc_column_container col child_column no-extra-padding inherit_tablet inherit_phone\"   data-padding-pos=\"all\" data-has-bg-color=\"false\" data-bg-color=\"\" data-bg-opacity=\"1\" data-animation=\"\" data-delay=\"0\" >\n\t\t<div class=\"vc_column-inner\" >\n\t\t<div class=\"wpb_wrapper\">\n\t\t\t\n\t\t<\/div> \n\t<\/div>\n\t<\/div> \n<\/div><\/div><div id=\"fws_69e5df7229a18\" data-midnight=\"\" data-column-margin=\"default\" class=\"wpb_row vc_row-fluid vc_row inner_row\"  style=\"\"><div class=\"row-bg-wrap\"> <div class=\"row-bg\" ><\/div> <\/div><div class=\"row_col_wrap_12_inner col span_12  left\">\n\t<div  class=\"vc_col-sm-3 wpb_column column_container vc_column_container col child_column no-extra-padding inherit_tablet inherit_phone\"   data-padding-pos=\"all\" data-has-bg-color=\"false\" data-bg-color=\"\" data-bg-opacity=\"1\" data-animation=\"\" data-delay=\"0\" >\n\t\t<div class=\"vc_column-inner\" >\n\t\t<div class=\"wpb_wrapper\">\n\t\t\t\n\t\t<\/div> \n\t<\/div>\n\t<\/div> \n\n\t<div  class=\"vc_col-sm-3 wpb_column column_container vc_column_container col child_column no-extra-padding inherit_tablet inherit_phone\"   data-padding-pos=\"all\" data-has-bg-color=\"false\" data-bg-color=\"\" data-bg-opacity=\"1\" data-animation=\"\" data-delay=\"0\" >\n\t\t<div class=\"vc_column-inner\" >\n\t\t<div class=\"wpb_wrapper\">\n\t\t\t\n\t\t<\/div> \n\t<\/div>\n\t<\/div> \n\n\t<div  class=\"vc_col-sm-3 wpb_column column_container vc_column_container col child_column no-extra-padding inherit_tablet inherit_phone\"   data-padding-pos=\"all\" data-has-bg-color=\"false\" data-bg-color=\"\" data-bg-opacity=\"1\" data-animation=\"\" data-delay=\"0\" >\n\t\t<div class=\"vc_column-inner\" >\n\t\t<div class=\"wpb_wrapper\">\n\t\t\t\n\t\t<\/div> \n\t<\/div>\n\t<\/div> \n\n\t<div  class=\"vc_col-sm-3 wpb_column column_container vc_column_container col child_column no-extra-padding inherit_tablet inherit_phone\"   data-padding-pos=\"all\" data-has-bg-color=\"false\" data-bg-color=\"\" data-bg-opacity=\"1\" data-animation=\"\" data-delay=\"0\" >\n\t\t<div class=\"vc_column-inner\" >\n\t\t<div class=\"wpb_wrapper\">\n\t\t\t\n\t\t<\/div> \n\t<\/div>\n\t<\/div> \n<\/div><\/div>\n\t\t\t<\/div> \n\t\t<\/div>\n\t<\/div> \n<\/div><\/div>","protected":false},"excerpt":{"rendered":"\u00bfNo es fant\u00e1stico? Puedes empujar un \u00e1rbol grande fuera de tu maleza de esa manera. Tienes que tomar estas grandes decisiones. No seas t\u00edmido, escr\u00edbeme ...","protected":false},"author":3,"featured_media":0,"parent":0,"menu_order":0,"comment_status":"closed","ping_status":"closed","template":"","meta":{"footnotes":""},"class_list":["post-74","page","type-page","status-publish"],"yoast_head":"<!-- This site is optimized with the Yoast SEO plugin v25.5 - https:\/\/yoast.com\/wordpress\/plugins\/seo\/ -->\n<title>Translation test - Project Rainbow<\/title>\n<meta name=\"robots\" content=\"index, follow, max-snippet:-1, max-image-preview:large, max-video-preview:-1\" \/>\n<link rel=\"canonical\" href=\"https:\/\/stage-projectrainbow.cookcountyil.gov\/es\/translation-test\/\" \/>\n<meta property=\"og:locale\" content=\"es_ES\" \/>\n<meta property=\"og:type\" content=\"article\" \/>\n<meta property=\"og:title\" content=\"Translation test - Project Rainbow\" \/>\n<meta property=\"og:url\" content=\"https:\/\/stage-projectrainbow.cookcountyil.gov\/es\/translation-test\/\" \/>\n<meta property=\"og:site_name\" content=\"Project Rainbow\" \/>\n<meta property=\"article:modified_time\" content=\"2021-08-03T17:55:11+00:00\" \/>\n<meta name=\"twitter:card\" content=\"summary_large_image\" \/>\n<meta name=\"twitter:label1\" content=\"Est. reading time\" \/>\n\t<meta name=\"twitter:data1\" content=\"4 minutes\" \/>\n<script type=\"application\/ld+json\" class=\"yoast-schema-graph\">{\"@context\":\"https:\/\/schema.org\",\"@graph\":[{\"@type\":\"WebPage\",\"@id\":\"https:\/\/stage-projectrainbow.cookcountyil.gov\/translation-test\/\",\"url\":\"https:\/\/stage-projectrainbow.cookcountyil.gov\/translation-test\/\",\"name\":\"Translation test - Project Rainbow\",\"isPartOf\":{\"@id\":\"https:\/\/projectrainbow.cookcountyil.gov\/#website\"},\"datePublished\":\"2021-06-17T20:39:00+00:00\",\"dateModified\":\"2021-08-03T17:55:11+00:00\",\"breadcrumb\":{\"@id\":\"https:\/\/stage-projectrainbow.cookcountyil.gov\/translation-test\/#breadcrumb\"},\"inLanguage\":\"es-PR\",\"potentialAction\":[{\"@type\":\"ReadAction\",\"target\":[\"https:\/\/stage-projectrainbow.cookcountyil.gov\/translation-test\/\"]}]},{\"@type\":\"BreadcrumbList\",\"@id\":\"https:\/\/stage-projectrainbow.cookcountyil.gov\/translation-test\/#breadcrumb\",\"itemListElement\":[{\"@type\":\"ListItem\",\"position\":1,\"name\":\"Home\",\"item\":\"https:\/\/stage-projectrainbow.cookcountyil.gov\/\"},{\"@type\":\"ListItem\",\"position\":2,\"name\":\"Translation test\"}]},{\"@type\":\"WebSite\",\"@id\":\"https:\/\/projectrainbow.cookcountyil.gov\/#website\",\"url\":\"https:\/\/projectrainbow.cookcountyil.gov\/\",\"name\":\"Project Rainbow\",\"description\":\"\",\"potentialAction\":[{\"@type\":\"SearchAction\",\"target\":{\"@type\":\"EntryPoint\",\"urlTemplate\":\"https:\/\/projectrainbow.cookcountyil.gov\/?s={search_term_string}\"},\"query-input\":{\"@type\":\"PropertyValueSpecification\",\"valueRequired\":true,\"valueName\":\"search_term_string\"}}],\"inLanguage\":\"es-PR\"}]}<\/script>\n<!-- \/ Yoast SEO plugin. -->","yoast_head_json":{"title":"Translation test - Project Rainbow","robots":{"index":"index","follow":"follow","max-snippet":"max-snippet:-1","max-image-preview":"max-image-preview:large","max-video-preview":"max-video-preview:-1"},"canonical":"https:\/\/stage-projectrainbow.cookcountyil.gov\/es\/translation-test\/","og_locale":"es_ES","og_type":"article","og_title":"Translation test - Project Rainbow","og_url":"https:\/\/stage-projectrainbow.cookcountyil.gov\/es\/translation-test\/","og_site_name":"Project Rainbow","article_modified_time":"2021-08-03T17:55:11+00:00","twitter_card":"summary_large_image","twitter_misc":{"Est. reading time":"4 minutes"},"schema":{"@context":"https:\/\/schema.org","@graph":[{"@type":"WebPage","@id":"https:\/\/stage-projectrainbow.cookcountyil.gov\/translation-test\/","url":"https:\/\/stage-projectrainbow.cookcountyil.gov\/translation-test\/","name":"Translation test - Project Rainbow","isPartOf":{"@id":"https:\/\/projectrainbow.cookcountyil.gov\/#website"},"datePublished":"2021-06-17T20:39:00+00:00","dateModified":"2021-08-03T17:55:11+00:00","breadcrumb":{"@id":"https:\/\/stage-projectrainbow.cookcountyil.gov\/translation-test\/#breadcrumb"},"inLanguage":"es-PR","potentialAction":[{"@type":"ReadAction","target":["https:\/\/stage-projectrainbow.cookcountyil.gov\/translation-test\/"]}]},{"@type":"BreadcrumbList","@id":"https:\/\/stage-projectrainbow.cookcountyil.gov\/translation-test\/#breadcrumb","itemListElement":[{"@type":"ListItem","position":1,"name":"Home","item":"https:\/\/stage-projectrainbow.cookcountyil.gov\/"},{"@type":"ListItem","position":2,"name":"Translation test"}]},{"@type":"WebSite","@id":"https:\/\/projectrainbow.cookcountyil.gov\/#website","url":"https:\/\/projectrainbow.cookcountyil.gov\/","name":"Proyecto Rainbow","description":"","potentialAction":[{"@type":"SearchAction","target":{"@type":"EntryPoint","urlTemplate":"https:\/\/projectrainbow.cookcountyil.gov\/?s={search_term_string}"},"query-input":{"@type":"PropertyValueSpecification","valueRequired":true,"valueName":"search_term_string"}}],"inLanguage":"es-PR"}]}},"_links":{"self":[{"href":"https:\/\/stage-projectrainbow.cookcountyil.gov\/es\/wp-json\/wp\/v2\/pages\/74","targetHints":{"allow":["GET"]}}],"collection":[{"href":"https:\/\/stage-projectrainbow.cookcountyil.gov\/es\/wp-json\/wp\/v2\/pages"}],"about":[{"href":"https:\/\/stage-projectrainbow.cookcountyil.gov\/es\/wp-json\/wp\/v2\/types\/page"}],"author":[{"embeddable":true,"href":"https:\/\/stage-projectrainbow.cookcountyil.gov\/es\/wp-json\/wp\/v2\/users\/3"}],"replies":[{"embeddable":true,"href":"https:\/\/stage-projectrainbow.cookcountyil.gov\/es\/wp-json\/wp\/v2\/comments?post=74"}],"version-history":[{"count":0,"href":"https:\/\/stage-projectrainbow.cookcountyil.gov\/es\/wp-json\/wp\/v2\/pages\/74\/revisions"}],"wp:attachment":[{"href":"https:\/\/stage-projectrainbow.cookcountyil.gov\/es\/wp-json\/wp\/v2\/media?parent=74"}],"curies":[{"name":"wp","href":"https:\/\/api.w.org\/{rel}","templated":true}]}}