{"id":609,"date":"2021-08-11T13:13:56","date_gmt":"2021-08-11T13:13:56","guid":{"rendered":"https:\/\/stage-projectrainbow.cookcountyil.gov\/?page_id=609"},"modified":"2021-08-11T16:39:11","modified_gmt":"2021-08-11T16:39:11","slug":"mobile-app-privacy-policy","status":"publish","type":"page","link":"https:\/\/stage-projectrainbow.cookcountyil.gov\/es\/mobile-app-privacy-policy\/","title":{"rendered":"Pol\u00edtica de privacidad de la aplicaci\u00f3n m\u00f3vil"},"content":{"rendered":"<div id=\"fws_69f1df5a4e4ed\"  data-column-margin=\"default\" data-midnight=\"dark\"  class=\"wpb_row vc_row-fluid vc_row\"  style=\"padding-top: 0px; padding-bottom: 0px; \"><div class=\"row-bg-wrap\" data-bg-animation=\"none\" data-bg-overlay=\"false\"><div class=\"inner-wrap\"><div class=\"row-bg viewport-desktop\"  style=\"\"><\/div><\/div><\/div><div class=\"row_col_wrap_12 col span_12 dark left\">\n\t<div  class=\"vc_col-sm-12 wpb_column column_container vc_column_container col no-extra-padding inherit_tablet inherit_phone\"  data-padding-pos=\"all\" data-has-bg-color=\"false\" data-bg-color=\"\" data-bg-opacity=\"1\" data-animation=\"\" data-delay=\"0\" >\n\t\t<div class=\"vc_column-inner\" >\n\t\t\t<div class=\"wpb_wrapper\">\n\t\t\t\t<h1 style=\"font-size: 38px;text-align: left;font-family:Montserrat;font-weight:400;font-style:normal\" class=\"vc_custom_heading\" >Pol\u00edtica de privacidad de la aplicaci\u00f3n m\u00f3vil<\/h1>\r\n<div class=\"wpb_text_column wpb_content_element\" >\r\n\t<div class=\"wpb_wrapper\">\r\n\t\t<h1><\/h1>\n<p>\u00daltima modificaci\u00f3n: 9 de agosto de 2021<\/p>\n<h2>Introducci\u00f3n<\/h2>\n<p>Condado de Cook, Illinois, un organismo pol\u00edtico y corporativo del estado de Illinois, por y a trav\u00e9s de la Oficina del Presidente de la Junta del Condado de Cook (\u201c<strong>Condado de Cook<\/strong>&quot; o &quot;<strong>Nosotros<\/strong>\u201c) Respetamos su privacidad y estamos comprometidos a protegerla a trav\u00e9s de nuestro cumplimiento de esta pol\u00edtica. Esta pol\u00edtica describe:<\/p>\n<ul>\n<li>Los tipos de informaci\u00f3n que podemos recopilar o que usted puede proporcionar cuando descarga, instala, accede o utiliza la aplicaci\u00f3n Project Rainbow (la &quot;Aplicaci\u00f3n&quot;).<\/li>\n<li>Nuestras pr\u00e1cticas para recopilar, usar, mantener, proteger y divulgar esa informaci\u00f3n.<\/li>\n<\/ul>\n<p>Esta pol\u00edtica se aplica solo a la informaci\u00f3n que recopilamos en esta Aplicaci\u00f3n y en el correo electr\u00f3nico, mensajes de texto y otras comunicaciones electr\u00f3nicas enviadas a trav\u00e9s de esta Aplicaci\u00f3n o en conexi\u00f3n con ella. Esta pol\u00edtica NO se aplica a la informaci\u00f3n que:<\/p>\n<ul>\n<li>Recopilamos sin conexi\u00f3n o en cualquier otra aplicaci\u00f3n o sitio web del condado de Cook, incluidos los sitios web a los que puede acceder a trav\u00e9s de esta aplicaci\u00f3n.<\/li>\n<li>Usted proporciona o es recopilado por un tercero (consulte <a href=\"#Third\">Recopilaci\u00f3n de informaci\u00f3n de terceros<\/a>).<\/li>\n<\/ul>\n<p>Nuestros sitios web y aplicaciones, y estos otros terceros, tienen sus propias pol\u00edticas de privacidad, que le recomendamos que lea antes de proporcionar informaci\u00f3n a trav\u00e9s de ellos.<\/p>\n<p>Lea esta pol\u00edtica detenidamente para comprender nuestras pol\u00edticas y pr\u00e1cticas con respecto a su informaci\u00f3n y c\u00f3mo la trataremos. Si no est\u00e1 de acuerdo con nuestras pol\u00edticas y pr\u00e1cticas, no descargue, no se registre ni utilice esta aplicaci\u00f3n. Al descargar, registrarse o usar esta aplicaci\u00f3n, acepta esta pol\u00edtica de privacidad. Esta pol\u00edtica puede cambiar de vez en cuando (ver <a href=\"#Changes\">Cambios a nuestra pol\u00edtica de privacidad<\/a>). El uso continuado de esta aplicaci\u00f3n despu\u00e9s de que revisemos esta pol\u00edtica significa que acepta esos cambios, por lo que debe consultar la pol\u00edtica peri\u00f3dicamente para conocer las actualizaciones.<\/p>\n<h2>Ni\u00f1os menores de 16 a\u00f1os<\/h2>\n<p>La aplicaci\u00f3n no est\u00e1 destinada a ni\u00f1os menores de 16 a\u00f1os, excepto bajo la supervisi\u00f3n de los padres, y no recopilamos a sabiendas informaci\u00f3n personal de ni\u00f1os menores de 16 a\u00f1os. Si nos enteramos de que hemos recopilado o recibido informaci\u00f3n personal de un ni\u00f1o menor de 16 a\u00f1os sin verificaci\u00f3n del consentimiento de los padres. , borraremos esa informaci\u00f3n. Si cree que podr\u00edamos tener informaci\u00f3n de o sobre un ni\u00f1o menor de 16 a\u00f1os, comun\u00edquese con nosotros al <a href=\"mailto:rainbow@cookcountyil.gov\">rainbow@cookcountyil.gov<\/a>.<\/p>\n<h2>Informaci\u00f3n que recopilamos y c\u00f3mo la recopilamos<\/h2>\n<p>Recopilamos informaci\u00f3n de y sobre los usuarios de nuestra aplicaci\u00f3n:<\/p>\n<ul>\n<li>Autom\u00e1ticamente cuando usa la aplicaci\u00f3n.<\/li>\n<\/ul>\n<h2>Informaci\u00f3n que nos proporciona<\/h2>\n<p>Cuando descarga, se registra o usa esta aplicaci\u00f3n, podemos recopilar informaci\u00f3n sobre usted, pero individualmente no lo identifica, como la informaci\u00f3n recopilada con fines de an\u00e1lisis de datos o la informaci\u00f3n que nos proporciona, por ejemplo, a trav\u00e9s del correo electr\u00f3nico a rainbow@cookcountyil.gov. . Esta informacion incluye:<\/p>\n<ul>\n<li>Informaci\u00f3n que proporcionas al completar formularios en la Aplicaci\u00f3n. Esto incluye la informaci\u00f3n proporcionada en el momento de registrarse para utilizar la aplicaci\u00f3n. Tambi\u00e9n podemos pedirle informaci\u00f3n cuando informe un problema con la aplicaci\u00f3n.<\/li>\n<li>Registros y copias de su correspondencia (incluidas direcciones de correo electr\u00f3nico y n\u00fameros de tel\u00e9fono), si se comunica con nosotros.<\/li>\n<li>Tus consultas de b\u00fasqueda en la aplicaci\u00f3n.<\/li>\n<\/ul>\n<h2>Recopilaci\u00f3n y seguimiento autom\u00e1tico de informaci\u00f3n<\/h2>\n<p>Cuando descarga, accede y usa la Aplicaci\u00f3n, puede usar tecnolog\u00eda para recopilar autom\u00e1ticamente:<\/p>\n<ul>\n<li><strong>Detalles de uso.<\/strong> Cuando accede y utiliza la Aplicaci\u00f3n, podemos recopilar autom\u00e1ticamente ciertos detalles de su acceso y uso de la Aplicaci\u00f3n, incluidos datos de tr\u00e1fico, datos de ubicaci\u00f3n, registros y otros datos de comunicaci\u00f3n y los recursos a los que accede y utiliza en oa trav\u00e9s de la Aplicaci\u00f3n. .<\/li>\n<li><strong>Informaci\u00f3n del dispositivo.<\/strong> Podemos recopilar informaci\u00f3n sobre su dispositivo m\u00f3vil y conexi\u00f3n a Internet, incluido el identificador \u00fanico del dispositivo, la direcci\u00f3n IP, el sistema operativo, el tipo de navegador, la informaci\u00f3n de la red m\u00f3vil y el n\u00famero de tel\u00e9fono del dispositivo.<\/li>\n<li><strong>Informaci\u00f3n y archivos almacenados.<\/strong> La aplicaci\u00f3n tambi\u00e9n puede acceder a metadatos y otra informaci\u00f3n asociada con otros archivos almacenados en su dispositivo.<\/li>\n<li><strong>Informaci\u00f3n sobre la ubicaci\u00f3n.<\/strong> Esta aplicaci\u00f3n no recopila informaci\u00f3n en tiempo real sobre la ubicaci\u00f3n de su dispositivo.<\/li>\n<\/ul>\n<p>Si no desea que recopilemos esta informaci\u00f3n, no descargue la aplicaci\u00f3n ni la elimine de su dispositivo.<\/p>\n<h2>Tecnolog\u00edas de seguimiento y recopilaci\u00f3n de informaci\u00f3n<\/h2>\n<p>Las tecnolog\u00edas que utilizamos para la recopilaci\u00f3n autom\u00e1tica de informaci\u00f3n pueden incluir:<\/p>\n<ul>\n<li><strong>Cookies (o <\/strong>m\u00f3vil<strong> galletas).<\/strong> Una cookie es un peque\u00f1o archivo que se coloca en su tel\u00e9fono inteligente u otro dispositivo m\u00f3vil. Es posible que se niegue a aceptar cookies m\u00f3viles activando la configuraci\u00f3n adecuada en su tel\u00e9fono inteligente. Sin embargo, si selecciona esta configuraci\u00f3n, es posible que no pueda acceder a ciertas partes de nuestra aplicaci\u00f3n.<\/li>\n<li><strong>Balizas web.<\/strong> Las p\u00e1ginas de la Aplicaci\u00f3n y nuestros correos electr\u00f3nicos pueden contener peque\u00f1os archivos electr\u00f3nicos conocidos como balizas web (tambi\u00e9n conocidos como gifs transparentes, etiquetas de p\u00edxeles y gifs de un solo p\u00edxel) que permiten al Condado de Cook, por ejemplo, contar los usuarios que han visitado esas p\u00e1ginas y para otras estad\u00edsticas de aplicaciones relacionadas (por ejemplo, registrar la popularidad de cierto contenido de la aplicaci\u00f3n y verificar la integridad del sistema y del servidor).<\/li>\n<\/ul>\n<h2><a id=\"Third\"><\/a>Recopilaci\u00f3n de informaci\u00f3n de terceros<\/h2>\n<p>Cuando usa la Aplicaci\u00f3n o su contenido, ciertos terceros pueden usar tecnolog\u00edas de recopilaci\u00f3n autom\u00e1tica de informaci\u00f3n para recopilar informaci\u00f3n sobre usted o su dispositivo. Estos terceros pueden incluir:<\/p>\n<ul>\n<li>Anunciantes, redes publicitarias y servidores publicitarios.<\/li>\n<li>Empresas anal\u00edticas.<\/li>\n<li>El fabricante de su dispositivo m\u00f3vil.<\/li>\n<li>Su proveedor de servicios m\u00f3viles.<\/li>\n<\/ul>\n<p>Estos terceros pueden utilizar tecnolog\u00edas de seguimiento para recopilar informaci\u00f3n sobre usted cuando utiliza esta aplicaci\u00f3n. La informaci\u00f3n que recopilan puede estar asociada con su informaci\u00f3n personal o pueden recopilar informaci\u00f3n, incluida informaci\u00f3n personal, sobre sus actividades en l\u00ednea a lo largo del tiempo y en diferentes sitios web, aplicaciones y otros sitios web de servicios en l\u00ednea. Pueden usar esta informaci\u00f3n para proporcionarle publicidad basada en intereses (conductual) u otro contenido dirigido. No controlamos las tecnolog\u00edas de seguimiento de estos terceros ni c\u00f3mo pueden usarse. Si tiene alguna pregunta sobre un anuncio u otro contenido espec\u00edfico, debe comunicarse directamente con el proveedor responsable.<\/p>\n<h2>C\u00f3mo usamos su informaci\u00f3n<\/h2>\n<p>Usamos la informaci\u00f3n que recopilamos sobre usted o que nos proporciona, incluida cualquier informaci\u00f3n personal, para:<\/p>\n<ul>\n<li>Proporcionarle la aplicaci\u00f3n y su contenido.<\/li>\n<li>Cumplir con cualquier otro prop\u00f3sito para el que lo proporcione.<\/li>\n<\/ul>\n<p>La informaci\u00f3n de uso que recopilamos nos ayuda a mejorar nuestra aplicaci\u00f3n y a brindar una experiencia mejor y m\u00e1s personalizada al permitirnos:<\/p>\n<ul>\n<li>Calcule el tama\u00f1o de nuestra audiencia y los patrones de uso.<\/li>\n<li>Almacenar informaci\u00f3n sobre sus preferencias, lo que nos permite personalizar nuestra aplicaci\u00f3n de acuerdo con sus intereses individuales.<\/li>\n<li>Acelere sus b\u00fasquedas.<\/li>\n<li>Reconocerte cuando usas la aplicaci\u00f3n.<\/li>\n<\/ul>\n<p>Para m\u00e1s informaci\u00f3n, ver <a href=\"#Choices\">Sus opciones sobre nuestra recopilaci\u00f3n, uso y divulgaci\u00f3n de su informaci\u00f3n<\/a>.<\/p>\n<h2>Divulgaci\u00f3n de su informaci\u00f3n<\/h2>\n<p>Podemos divulgar informaci\u00f3n agregada sobre nuestros usuarios e informaci\u00f3n que no identifica a ning\u00fan individuo o dispositivo, sin restricci\u00f3n.<\/p>\n<p>Adem\u00e1s, podemos divulgar informaci\u00f3n personal que recopilamos o que usted proporciona:<\/p>\n<ul>\n<li>Para contratistas, proveedores de servicios y otros terceros que utilizamos para respaldar nuestro sitio web y nuestra aplicaci\u00f3n.<\/li>\n<li>Para cumplir con la finalidad para la que lo facilitas. Por ejemplo, si nos dio una direcci\u00f3n de correo electr\u00f3nico para usar la funci\u00f3n &quot;enviar un correo electr\u00f3nico a un amigo&quot; en nuestro sitio web o aplicaci\u00f3n, transmitiremos el contenido de ese correo electr\u00f3nico y su direcci\u00f3n de correo electr\u00f3nico a los destinatarios.<\/li>\n<li>Para cualquier otro prop\u00f3sito que divulguemos cuando proporcione la informaci\u00f3n.<\/li>\n<li>Con tu consentimiento.<\/li>\n<li>Para cumplir con cualquier orden judicial, ley o proceso legal, incluso para responder a cualquier solicitud gubernamental o reglamentaria.<\/li>\n<li>Para hacer cumplir nuestros derechos derivados de cualquier contrato celebrado entre usted y nosotros, incluido el EULA de la aplicaci\u00f3n, y para la facturaci\u00f3n y el cobro.<\/li>\n<li>Si creemos que la divulgaci\u00f3n es necesaria o apropiada para proteger los derechos, la propiedad o la seguridad del condado de Cook u otros.<\/li>\n<\/ul>\n<h2><a id=\"Choices\"><\/a>Sus opciones sobre nuestra recopilaci\u00f3n, uso y divulgaci\u00f3n de su informaci\u00f3n<\/h2>\n<p>Nos esforzamos por brindarle opciones con respecto a la informaci\u00f3n personal que nos proporciona. Esta secci\u00f3n describe los mecanismos que le proporcionamos para controlar ciertos usos y divulgaciones de su informaci\u00f3n.<\/p>\n<ul>\n<li><strong>Tecnolog\u00edas de seguimiento.<\/strong> Puede configurar su navegador para rechazar todas o algunas cookies del navegador, o para que le avise cuando se env\u00eden cookies. Si desactiva o rechaza las cookies o bloquea el uso de otras tecnolog\u00edas de seguimiento, es posible que algunas partes de la aplicaci\u00f3n sean inaccesibles o no funcionen correctamente.<\/li>\n<\/ul>\n<p>No controlamos la recopilaci\u00f3n o el uso de su informaci\u00f3n por parte de terceros para ofrecer publicidad basada en intereses. Sin embargo, estos terceros pueden proporcionarle formas de elegir que no se recopile o utilice su informaci\u00f3n de esta manera. Puede optar por no recibir anuncios dirigidos de miembros de la Iniciativa de publicidad en red (&quot;<strong>NAI<\/strong>&quot;) En el NAI <a href=\"http:\/\/www.networkadvertising.org\/managing\/opt_out.asp\">sitio web<\/a>.<\/p>\n<h2>Seguridad de datos<\/h2>\n<p>Hemos implementado medidas dise\u00f1adas para proteger su informaci\u00f3n personal de p\u00e9rdidas accidentales y de acceso, uso, alteraci\u00f3n y divulgaci\u00f3n no autorizados. La seguridad y protecci\u00f3n de su informaci\u00f3n tambi\u00e9n depende de usted. Cuando le hayamos dado (o donde haya elegido) una contrase\u00f1a para acceder a determinadas partes de nuestra Aplicaci\u00f3n, usted es responsable de mantener la confidencialidad de esta contrase\u00f1a. Le pedimos que no comparta su contrase\u00f1a con nadie. Desafortunadamente, la transmisi\u00f3n de informaci\u00f3n a trav\u00e9s de Internet y plataformas m\u00f3viles no es completamente segura. Aunque hacemos todo lo posible para proteger su informaci\u00f3n personal, no podemos garantizar la seguridad de su informaci\u00f3n personal transmitida a trav\u00e9s de nuestra aplicaci\u00f3n. Cualquier transmisi\u00f3n de informaci\u00f3n personal es bajo su propio riesgo. No somos responsables de eludir ninguna configuraci\u00f3n de privacidad o medidas de seguridad que proporcionemos.<\/p>\n<h2><a id=\"Changes\"><\/a>Cambios a nuestra pol\u00edtica de privacidad<\/h2>\n<p>Es posible que actualicemos nuestra pol\u00edtica de privacidad de vez en cuando. Si realizamos cambios sustanciales en la forma en que tratamos la informaci\u00f3n personal de nuestros usuarios, publicaremos la nueva pol\u00edtica de privacidad en esta p\u00e1gina con un aviso de que la pol\u00edtica de privacidad se ha actualizado. La fecha de la \u00faltima revisi\u00f3n de la pol\u00edtica de privacidad se identifica en la parte superior de la p\u00e1gina.<\/p>\n<h2>Informaci\u00f3n del contacto<\/h2>\n<p>Para hacer preguntas o comentar sobre esta pol\u00edtica de privacidad y nuestras pr\u00e1cticas de privacidad, cont\u00e1ctenos en: <a href=\"mailto:rainbow@cookcountyil.gov\">rainbow@cookcountyil.gov<\/a>.<\/p>\n\t<\/div>\r\n<\/div>\r\n\r\n\r\n\r\n\n\t\t\t<\/div> \n\t\t<\/div>\n\t<\/div> \n<\/div><\/div>","protected":false},"excerpt":{"rendered":"Pol\u00edtica de privacidad de la aplicaci\u00f3n m\u00f3vil \u00daltima modificaci\u00f3n: 9 de agosto de 2021 Introducci\u00f3n Condado de Cook, Illinois, un organismo pol\u00edtico y corporativo del Estado de Illinois, por y a trav\u00e9s de la Oficina de ...","protected":false},"author":3,"featured_media":0,"parent":0,"menu_order":0,"comment_status":"closed","ping_status":"closed","template":"","meta":{"footnotes":""},"class_list":["post-609","page","type-page","status-publish"],"yoast_head":"<!-- This site is optimized with the Yoast SEO plugin v25.5 - https:\/\/yoast.com\/wordpress\/plugins\/seo\/ -->\n<title>Mobile App Privacy Policy - Project Rainbow<\/title>\n<meta name=\"robots\" content=\"index, follow, max-snippet:-1, max-image-preview:large, max-video-preview:-1\" \/>\n<link rel=\"canonical\" href=\"https:\/\/stage-projectrainbow.cookcountyil.gov\/es\/mobile-app-privacy-policy\/\" \/>\n<meta property=\"og:locale\" content=\"es_ES\" \/>\n<meta property=\"og:type\" content=\"article\" \/>\n<meta property=\"og:title\" content=\"Mobile App Privacy Policy - Project Rainbow\" \/>\n<meta property=\"og:url\" content=\"https:\/\/stage-projectrainbow.cookcountyil.gov\/es\/mobile-app-privacy-policy\/\" \/>\n<meta property=\"og:site_name\" content=\"Project Rainbow\" \/>\n<meta property=\"article:modified_time\" content=\"2021-08-11T16:39:11+00:00\" \/>\n<meta name=\"twitter:card\" content=\"summary_large_image\" \/>\n<meta name=\"twitter:label1\" content=\"Est. reading time\" \/>\n\t<meta name=\"twitter:data1\" content=\"8 minutes\" \/>\n<script type=\"application\/ld+json\" class=\"yoast-schema-graph\">{\"@context\":\"https:\/\/schema.org\",\"@graph\":[{\"@type\":\"WebPage\",\"@id\":\"https:\/\/stage-projectrainbow.cookcountyil.gov\/mobile-app-privacy-policy\/\",\"url\":\"https:\/\/stage-projectrainbow.cookcountyil.gov\/mobile-app-privacy-policy\/\",\"name\":\"Mobile App Privacy Policy - Project Rainbow\",\"isPartOf\":{\"@id\":\"https:\/\/projectrainbow.cookcountyil.gov\/#website\"},\"datePublished\":\"2021-08-11T13:13:56+00:00\",\"dateModified\":\"2021-08-11T16:39:11+00:00\",\"breadcrumb\":{\"@id\":\"https:\/\/stage-projectrainbow.cookcountyil.gov\/mobile-app-privacy-policy\/#breadcrumb\"},\"inLanguage\":\"es-PR\",\"potentialAction\":[{\"@type\":\"ReadAction\",\"target\":[\"https:\/\/stage-projectrainbow.cookcountyil.gov\/mobile-app-privacy-policy\/\"]}]},{\"@type\":\"BreadcrumbList\",\"@id\":\"https:\/\/stage-projectrainbow.cookcountyil.gov\/mobile-app-privacy-policy\/#breadcrumb\",\"itemListElement\":[{\"@type\":\"ListItem\",\"position\":1,\"name\":\"Home\",\"item\":\"https:\/\/stage-projectrainbow.cookcountyil.gov\/\"},{\"@type\":\"ListItem\",\"position\":2,\"name\":\"Mobile App Privacy Policy\"}]},{\"@type\":\"WebSite\",\"@id\":\"https:\/\/projectrainbow.cookcountyil.gov\/#website\",\"url\":\"https:\/\/projectrainbow.cookcountyil.gov\/\",\"name\":\"Project Rainbow\",\"description\":\"\",\"potentialAction\":[{\"@type\":\"SearchAction\",\"target\":{\"@type\":\"EntryPoint\",\"urlTemplate\":\"https:\/\/projectrainbow.cookcountyil.gov\/?s={search_term_string}\"},\"query-input\":{\"@type\":\"PropertyValueSpecification\",\"valueRequired\":true,\"valueName\":\"search_term_string\"}}],\"inLanguage\":\"es-PR\"}]}<\/script>\n<!-- \/ Yoast SEO plugin. -->","yoast_head_json":{"title":"Mobile App Privacy Policy - Project Rainbow","robots":{"index":"index","follow":"follow","max-snippet":"max-snippet:-1","max-image-preview":"max-image-preview:large","max-video-preview":"max-video-preview:-1"},"canonical":"https:\/\/stage-projectrainbow.cookcountyil.gov\/es\/mobile-app-privacy-policy\/","og_locale":"es_ES","og_type":"article","og_title":"Mobile App Privacy Policy - Project Rainbow","og_url":"https:\/\/stage-projectrainbow.cookcountyil.gov\/es\/mobile-app-privacy-policy\/","og_site_name":"Project Rainbow","article_modified_time":"2021-08-11T16:39:11+00:00","twitter_card":"summary_large_image","twitter_misc":{"Est. reading time":"8 minutes"},"schema":{"@context":"https:\/\/schema.org","@graph":[{"@type":"WebPage","@id":"https:\/\/stage-projectrainbow.cookcountyil.gov\/mobile-app-privacy-policy\/","url":"https:\/\/stage-projectrainbow.cookcountyil.gov\/mobile-app-privacy-policy\/","name":"Mobile App Privacy Policy - Project Rainbow","isPartOf":{"@id":"https:\/\/projectrainbow.cookcountyil.gov\/#website"},"datePublished":"2021-08-11T13:13:56+00:00","dateModified":"2021-08-11T16:39:11+00:00","breadcrumb":{"@id":"https:\/\/stage-projectrainbow.cookcountyil.gov\/mobile-app-privacy-policy\/#breadcrumb"},"inLanguage":"es-PR","potentialAction":[{"@type":"ReadAction","target":["https:\/\/stage-projectrainbow.cookcountyil.gov\/mobile-app-privacy-policy\/"]}]},{"@type":"BreadcrumbList","@id":"https:\/\/stage-projectrainbow.cookcountyil.gov\/mobile-app-privacy-policy\/#breadcrumb","itemListElement":[{"@type":"ListItem","position":1,"name":"Home","item":"https:\/\/stage-projectrainbow.cookcountyil.gov\/"},{"@type":"ListItem","position":2,"name":"Mobile App Privacy Policy"}]},{"@type":"WebSite","@id":"https:\/\/projectrainbow.cookcountyil.gov\/#website","url":"https:\/\/projectrainbow.cookcountyil.gov\/","name":"Proyecto Rainbow","description":"","potentialAction":[{"@type":"SearchAction","target":{"@type":"EntryPoint","urlTemplate":"https:\/\/projectrainbow.cookcountyil.gov\/?s={search_term_string}"},"query-input":{"@type":"PropertyValueSpecification","valueRequired":true,"valueName":"search_term_string"}}],"inLanguage":"es-PR"}]}},"_links":{"self":[{"href":"https:\/\/stage-projectrainbow.cookcountyil.gov\/es\/wp-json\/wp\/v2\/pages\/609","targetHints":{"allow":["GET"]}}],"collection":[{"href":"https:\/\/stage-projectrainbow.cookcountyil.gov\/es\/wp-json\/wp\/v2\/pages"}],"about":[{"href":"https:\/\/stage-projectrainbow.cookcountyil.gov\/es\/wp-json\/wp\/v2\/types\/page"}],"author":[{"embeddable":true,"href":"https:\/\/stage-projectrainbow.cookcountyil.gov\/es\/wp-json\/wp\/v2\/users\/3"}],"replies":[{"embeddable":true,"href":"https:\/\/stage-projectrainbow.cookcountyil.gov\/es\/wp-json\/wp\/v2\/comments?post=609"}],"version-history":[{"count":0,"href":"https:\/\/stage-projectrainbow.cookcountyil.gov\/es\/wp-json\/wp\/v2\/pages\/609\/revisions"}],"wp:attachment":[{"href":"https:\/\/stage-projectrainbow.cookcountyil.gov\/es\/wp-json\/wp\/v2\/media?parent=609"}],"curies":[{"name":"wp","href":"https:\/\/api.w.org\/{rel}","templated":true}]}}